{"id":110,"date":"2023-06-22T14:03:41","date_gmt":"2023-06-22T12:03:41","guid":{"rendered":"https:\/\/pettmar.com\/?page_id=110"},"modified":"2023-07-09T11:29:39","modified_gmt":"2023-07-09T09:29:39","slug":"viac-informacii","status":"publish","type":"page","link":"https:\/\/pettmar.com\/?page_id=110","title":{"rendered":"Viac inform\u00e1cii"},"content":{"rendered":"\t\t<div data-elementor-type=\"wp-page\" data-elementor-id=\"110\" class=\"elementor elementor-110\">\n\t\t\t\t\t\t\t\t\t<section class=\"elementor-section elementor-top-section elementor-element elementor-element-f0f39bc elementor-section-boxed elementor-section-height-default elementor-section-height-default\" data-id=\"f0f39bc\" data-element_type=\"section\" data-settings=\"{&quot;background_background&quot;:&quot;classic&quot;}\">\n\t\t\t\t\t\t\t<div class=\"elementor-background-overlay\"><\/div>\n\t\t\t\t\t\t\t<div class=\"elementor-container elementor-column-gap-default\">\n\t\t\t\t\t<div class=\"elementor-column elementor-col-33 elementor-top-column elementor-element elementor-element-034489a\" data-id=\"034489a\" data-element_type=\"column\">\n\t\t\t<div class=\"elementor-widget-wrap elementor-element-populated\">\n\t\t\t\t\t\t\t\t<div class=\"elementor-element elementor-element-2dca703 elementor-widget elementor-widget-image\" data-id=\"2dca703\" data-element_type=\"widget\" data-widget_type=\"image.default\">\n\t\t\t\t<div class=\"elementor-widget-container\">\n\t\t\t<style>\/*! elementor - v3.14.0 - 18-06-2023 *\/\n.elementor-widget-image{text-align:center}.elementor-widget-image a{display:inline-block}.elementor-widget-image a img[src$=\".svg\"]{width:48px}.elementor-widget-image img{vertical-align:middle;display:inline-block}<\/style>\t\t\t\t\t\t\t\t\t\t\t\t<img decoding=\"async\" width=\"225\" height=\"300\" src=\"https:\/\/pettmar.com\/wp-content\/uploads\/2023\/06\/1687434329415-1-225x300.jpg\" class=\"attachment-medium size-medium wp-image-106\" alt=\"\" loading=\"lazy\" srcset=\"https:\/\/pettmar.com\/wp-content\/uploads\/2023\/06\/1687434329415-1-225x300.jpg 225w, https:\/\/pettmar.com\/wp-content\/uploads\/2023\/06\/1687434329415-1-768x1024.jpg 768w, https:\/\/pettmar.com\/wp-content\/uploads\/2023\/06\/1687434329415-1-1152x1536.jpg 1152w, https:\/\/pettmar.com\/wp-content\/uploads\/2023\/06\/1687434329415-1-1536x2048.jpg 1536w, https:\/\/pettmar.com\/wp-content\/uploads\/2023\/06\/1687434329415-1-scaled.jpg 1920w\" sizes=\"(max-width: 225px) 100vw, 225px\" \/>\t\t\t\t\t\t\t\t\t\t\t\t\t\t\t<\/div>\n\t\t\t\t<\/div>\n\t\t\t\t<div class=\"elementor-element elementor-element-8c480bc elementor-widget__width-initial elementor-widget elementor-widget-text-editor\" data-id=\"8c480bc\" data-element_type=\"widget\" data-widget_type=\"text-editor.default\">\n\t\t\t\t<div class=\"elementor-widget-container\">\n\t\t\t<style>\/*! elementor - v3.14.0 - 18-06-2023 *\/\n.elementor-widget-text-editor.elementor-drop-cap-view-stacked .elementor-drop-cap{background-color:#69727d;color:#fff}.elementor-widget-text-editor.elementor-drop-cap-view-framed .elementor-drop-cap{color:#69727d;border:3px solid;background-color:transparent}.elementor-widget-text-editor:not(.elementor-drop-cap-view-default) .elementor-drop-cap{margin-top:8px}.elementor-widget-text-editor:not(.elementor-drop-cap-view-default) .elementor-drop-cap-letter{width:1em;height:1em}.elementor-widget-text-editor .elementor-drop-cap{float:left;text-align:center;line-height:1;font-size:50px}.elementor-widget-text-editor .elementor-drop-cap-letter{display:inline-block}<\/style>\t\t\t\t<p><strong>Dreven\u00e9 pelety z borovicov\u00e9ho a smrekov\u00e9ho dreva o priemere 6-8 mm.\u00a0<\/strong><\/p><p><strong><span style=\"font-size: 14px;\">Pelety odpovedaj\u00fa norme ENplus A1.\u00a0<\/span><\/strong><\/p><p><strong><span style=\"font-size: 14px;\">V\u00fdhrevnos\u0165\u00a0 17-20 Mj\/kg<\/span><\/strong><\/p><p><strong><span style=\"font-size: 14px;\">Popolnatos\u0165\u00a0 0,8 %<\/span><\/strong><\/p><p><strong><span style=\"font-size: 14px;\">\u00a0Hustota 1,1-1,3 kg\/<\/span>dm<sup>3<\/sup><\/strong><\/p><p><strong>Balenie 15 kg s\u00e1\u010dky <\/strong><\/p><p><strong>Mo\u017enos\u0165 objedna\u0165 aj ako velkokapcitn\u00e9 vaky\u00a0 \u00a0 \u00a0 \u00a0 \u00a0<\/strong><strong style=\"font-size: 14px; letter-spacing: 0.3px;\">800 &#8211; 1200kg (Big beg)<\/strong><\/p><p>\u00a0<\/p>\t\t\t\t\t\t<\/div>\n\t\t\t\t<\/div>\n\t\t\t\t\t<\/div>\n\t\t<\/div>\n\t\t\t\t<div class=\"elementor-column elementor-col-33 elementor-top-column elementor-element elementor-element-dc9737d\" data-id=\"dc9737d\" data-element_type=\"column\">\n\t\t\t<div class=\"elementor-widget-wrap elementor-element-populated\">\n\t\t\t\t\t\t\t\t<div class=\"elementor-element elementor-element-419a4eb elementor-widget elementor-widget-image\" data-id=\"419a4eb\" data-element_type=\"widget\" data-widget_type=\"image.default\">\n\t\t\t\t<div class=\"elementor-widget-container\">\n\t\t\t\t\t\t\t\t\t\t\t\t\t\t\t<img decoding=\"async\" width=\"225\" height=\"300\" src=\"https:\/\/pettmar.com\/wp-content\/uploads\/2023\/06\/1687433153760-225x300.jpg\" class=\"attachment-medium size-medium wp-image-81\" alt=\"\" loading=\"lazy\" srcset=\"https:\/\/pettmar.com\/wp-content\/uploads\/2023\/06\/1687433153760-225x300.jpg 225w, https:\/\/pettmar.com\/wp-content\/uploads\/2023\/06\/1687433153760-768x1024.jpg 768w, https:\/\/pettmar.com\/wp-content\/uploads\/2023\/06\/1687433153760-1152x1536.jpg 1152w, https:\/\/pettmar.com\/wp-content\/uploads\/2023\/06\/1687433153760-1536x2048.jpg 1536w, https:\/\/pettmar.com\/wp-content\/uploads\/2023\/06\/1687433153760-scaled.jpg 1920w\" sizes=\"(max-width: 225px) 100vw, 225px\" \/>\t\t\t\t\t\t\t\t\t\t\t\t\t\t\t<\/div>\n\t\t\t\t<\/div>\n\t\t\t\t<div class=\"elementor-element elementor-element-878b7ef elementor-widget__width-initial elementor-widget elementor-widget-text-editor\" data-id=\"878b7ef\" data-element_type=\"widget\" data-widget_type=\"text-editor.default\">\n\t\t\t\t<div class=\"elementor-widget-container\">\n\t\t\t\t\t\t\t<p>Dreven\u00e9<strong> pelety Waldera zo smrekov\u00e9ho dreva o priemere&nbsp; 6-8 mm.&nbsp;<\/strong><\/p>\n<p><strong>Pelety odpovedaj\u00fa norme ENplus A1.&nbsp;<\/strong><\/p>\n<p><strong>V\u00fdhrevnos\u0165&nbsp; 17-20 Mj\/kg<\/strong><\/p>\n<p><strong>Popolnatos\u0165&nbsp; 0,5 %<\/strong><\/p>\n<p><strong>Balenie 15 kg s\u00e1\u010dky<\/strong><\/p>\n<p><strong>&nbsp;<\/strong><\/p>\t\t\t\t\t\t<\/div>\n\t\t\t\t<\/div>\n\t\t\t\t\t<\/div>\n\t\t<\/div>\n\t\t\t\t<div class=\"elementor-column elementor-col-33 elementor-top-column elementor-element elementor-element-c92b608\" data-id=\"c92b608\" data-element_type=\"column\">\n\t\t\t<div class=\"elementor-widget-wrap elementor-element-populated\">\n\t\t\t\t\t\t\t\t<div class=\"elementor-element elementor-element-b4625a2 elementor-widget elementor-widget-image\" data-id=\"b4625a2\" data-element_type=\"widget\" data-widget_type=\"image.default\">\n\t\t\t\t<div class=\"elementor-widget-container\">\n\t\t\t\t\t\t\t\t\t\t\t\t\t\t\t<img decoding=\"async\" width=\"225\" height=\"300\" src=\"https:\/\/pettmar.com\/wp-content\/uploads\/2023\/06\/1687434462599-225x300.jpg\" class=\"attachment-medium size-medium wp-image-93\" alt=\"\" loading=\"lazy\" srcset=\"https:\/\/pettmar.com\/wp-content\/uploads\/2023\/06\/1687434462599-225x300.jpg 225w, https:\/\/pettmar.com\/wp-content\/uploads\/2023\/06\/1687434462599-768x1024.jpg 768w, https:\/\/pettmar.com\/wp-content\/uploads\/2023\/06\/1687434462599-1152x1536.jpg 1152w, https:\/\/pettmar.com\/wp-content\/uploads\/2023\/06\/1687434462599-1536x2048.jpg 1536w, https:\/\/pettmar.com\/wp-content\/uploads\/2023\/06\/1687434462599-scaled.jpg 1920w\" sizes=\"(max-width: 225px) 100vw, 225px\" \/>\t\t\t\t\t\t\t\t\t\t\t\t\t\t\t<\/div>\n\t\t\t\t<\/div>\n\t\t\t\t<div class=\"elementor-element elementor-element-15f9523 elementor-widget elementor-widget-text-editor\" data-id=\"15f9523\" data-element_type=\"widget\" data-widget_type=\"text-editor.default\">\n\t\t\t\t<div class=\"elementor-widget-container\">\n\t\t\t\t\t\t\t<p><strong>Dreven\u00e9 brikety RUF z bukov\u00e9ho dreva.<\/strong><\/p><p><strong>\u00a01 tona brikiet RUF zodpoved\u00e1 3-5 m<sup>3<\/sup><\/strong><strong style=\"font-size: 14px;\">\u00a0palivov\u00e9ho dreva<\/strong><\/p><p><strong>V\u00fdhrevnos\u0165\u00a0 19-20 Mj\/kg<\/strong><\/p><p><strong>Popolnatos\u0165\u00a0 1,2 %<\/strong><\/p><p><strong>Balenie 10 kg bal\u00edk<\/strong><\/p>\t\t\t\t\t\t<\/div>\n\t\t\t\t<\/div>\n\t\t\t\t\t<\/div>\n\t\t<\/div>\n\t\t\t\t\t\t\t<\/div>\n\t\t<\/section>\n\t\t\t\t<section class=\"elementor-section elementor-top-section elementor-element elementor-element-fc7836d elementor-section-boxed elementor-section-height-default elementor-section-height-default\" data-id=\"fc7836d\" data-element_type=\"section\" data-settings=\"{&quot;background_background&quot;:&quot;classic&quot;}\">\n\t\t\t\t\t\t\t<div class=\"elementor-background-overlay\"><\/div>\n\t\t\t\t\t\t\t<div class=\"elementor-container elementor-column-gap-default\">\n\t\t\t\t\t<div class=\"elementor-column elementor-col-100 elementor-top-column elementor-element elementor-element-89f0088\" data-id=\"89f0088\" data-element_type=\"column\">\n\t\t\t<div class=\"elementor-widget-wrap elementor-element-populated\">\n\t\t\t\t\t\t\t\t<div class=\"elementor-element elementor-element-04f37c0 elementor-widget__width-initial elementor-widget elementor-widget-text-editor\" data-id=\"04f37c0\" data-element_type=\"widget\" data-widget_type=\"text-editor.default\">\n\t\t\t\t<div class=\"elementor-widget-container\">\n\t\t\t\t\t\t\t<p><strong>Po dohode vieme zabezpe\u010di\u0165 dopravu k V\u00e1m domu. V pr\u00edpade objednania 1 palety (1 t) bude tovar dopraven\u00fd dod\u00e1vkou. Pri v\u00e4\u010d\u0161om odbere vieme zabezpe\u010di\u0165 auto s hydraulick\u00fdm ramenom (6 &#8211; 8 paliet).<\/strong><\/p>\n<p><strong>V pr\u00edpade z\u00e1ujmu a cenovej ponuky n\u00e1s kontaktuje na telef\u00f3nnom \u010d\u00edsle +421 905 966 515 alebo emailovej adrese petmar1@zoznam.sk<\/strong><\/p><p><strong>Sme platcami DPH.<\/strong><\/p>\t\t\t\t\t\t<\/div>\n\t\t\t\t<\/div>\n\t\t\t\t\t<\/div>\n\t\t<\/div>\n\t\t\t\t\t\t\t<\/div>\n\t\t<\/section>\n\t\t\t\t<section class=\"elementor-section elementor-top-section elementor-element elementor-element-eee4318 envato-kit-141-top-0 elementor-reverse-mobile elementor-section-boxed elementor-section-height-default elementor-section-height-default\" data-id=\"eee4318\" data-element_type=\"section\" data-settings=\"{&quot;background_background&quot;:&quot;classic&quot;}\">\n\t\t\t\t\t\t\t<div class=\"elementor-background-overlay\"><\/div>\n\t\t\t\t\t\t\t<div class=\"elementor-container elementor-column-gap-wider\">\n\t\t\t\t\t<div class=\"elementor-column elementor-col-100 elementor-top-column elementor-element elementor-element-9e6c8f4 elementor-invisible\" data-id=\"9e6c8f4\" data-element_type=\"column\" data-settings=\"{&quot;animation&quot;:&quot;fadeIn&quot;,&quot;animation_delay&quot;:100}\">\n\t\t\t<div class=\"elementor-widget-wrap elementor-element-populated\">\n\t\t\t\t\t\t\t\t<section class=\"elementor-section elementor-inner-section elementor-element elementor-element-15761ac elementor-section-boxed elementor-section-height-default elementor-section-height-default\" data-id=\"15761ac\" data-element_type=\"section\">\n\t\t\t\t\t\t<div class=\"elementor-container elementor-column-gap-default\">\n\t\t\t\t\t<div class=\"elementor-column elementor-col-100 elementor-inner-column elementor-element elementor-element-7388eff\" data-id=\"7388eff\" data-element_type=\"column\">\n\t\t\t<div class=\"elementor-widget-wrap elementor-element-populated\">\n\t\t\t\t\t\t\t\t<div class=\"elementor-element elementor-element-5471ee6 elementor-icon-list--layout-inline elementor-widget__width-initial elementor-list-item-link-full_width elementor-widget elementor-widget-icon-list\" data-id=\"5471ee6\" data-element_type=\"widget\" data-widget_type=\"icon-list.default\">\n\t\t\t\t<div class=\"elementor-widget-container\">\n\t\t\t<link rel=\"stylesheet\" href=\"https:\/\/pettmar.com\/wp-content\/plugins\/elementor\/assets\/css\/widget-icon-list.min.css\">\t\t<ul class=\"elementor-icon-list-items elementor-inline-items\">\n\t\t\t\t\t\t\t<li class=\"elementor-icon-list-item elementor-inline-item\">\n\t\t\t\t\t\t\t\t\t\t\t<span class=\"elementor-icon-list-icon\">\n\t\t\t\t\t\t\t<i aria-hidden=\"true\" class=\"fas fa-map-marker-alt\"><\/i>\t\t\t\t\t\t<\/span>\n\t\t\t\t\t\t\t\t\t\t<span class=\"elementor-icon-list-text\">Peter Bach\u00e1r  PETMAR<br>S\u00fa\u0161 2600<br>Star\u00e1 Tur\u00e1, 916 01<br><br>Star\u00e1 Tehel\u0148a 39\/9 (Sklad)<br>Star\u00e1 Tur\u00e1, 916 01<\/span>\n\t\t\t\t\t\t\t\t\t<\/li>\n\t\t\t\t\t\t\t\t<li class=\"elementor-icon-list-item elementor-inline-item\">\n\t\t\t\t\t\t\t\t\t\t\t<span class=\"elementor-icon-list-icon\">\n\t\t\t\t\t\t\t<i aria-hidden=\"true\" class=\"fas fa-phone\"><\/i>\t\t\t\t\t\t<\/span>\n\t\t\t\t\t\t\t\t\t\t<span class=\"elementor-icon-list-text\">+421 905 966 515<\/span>\n\t\t\t\t\t\t\t\t\t<\/li>\n\t\t\t\t\t\t\t\t<li class=\"elementor-icon-list-item elementor-inline-item\">\n\t\t\t\t\t\t\t\t\t\t\t<span class=\"elementor-icon-list-icon\">\n\t\t\t\t\t\t\t<i aria-hidden=\"true\" class=\"far fa-envelope-open\"><\/i>\t\t\t\t\t\t<\/span>\n\t\t\t\t\t\t\t\t\t\t<span class=\"elementor-icon-list-text\">petmar1@zoznam.sk<\/span>\n\t\t\t\t\t\t\t\t\t<\/li>\n\t\t\t\t\t\t<\/ul>\n\t\t\t\t<\/div>\n\t\t\t\t<\/div>\n\t\t\t\t\t<\/div>\n\t\t<\/div>\n\t\t\t\t\t\t\t<\/div>\n\t\t<\/section>\n\t\t\t\t<div class=\"elementor-element elementor-element-ad73271 elementor-widget elementor-widget-google_maps\" data-id=\"ad73271\" data-element_type=\"widget\" data-widget_type=\"google_maps.default\">\n\t\t\t\t<div class=\"elementor-widget-container\">\n\t\t\t<style>\/*! elementor - v3.14.0 - 18-06-2023 *\/\n.elementor-widget-google_maps .elementor-widget-container{overflow:hidden}.elementor-widget-google_maps .elementor-custom-embed{line-height:0}.elementor-widget-google_maps iframe{height:300px}<\/style>\t\t<div class=\"elementor-custom-embed\">\n\t\t\t<iframe loading=\"lazy\"\n\t\t\t\t\tsrc=\"https:\/\/maps.google.com\/maps?q=48.789037%2C%2017.688263&#038;t=m&#038;z=15&#038;output=embed&#038;iwloc=near\"\n\t\t\t\t\ttitle=\"48.789037, 17.688263\"\n\t\t\t\t\taria-label=\"48.789037, 17.688263\"\n\t\t\t><\/iframe>\n\t\t<\/div>\n\t\t\t\t<\/div>\n\t\t\t\t<\/div>\n\t\t\t\t<div class=\"elementor-element elementor-element-8ea8bae elementor-widget elementor-widget-text-editor\" data-id=\"8ea8bae\" data-element_type=\"widget\" data-widget_type=\"text-editor.default\">\n\t\t\t\t<div class=\"elementor-widget-container\">\n\t\t\t\t\t\t\t<p><strong>I\u010cO:\u00a0 53993047\u00a0 \u00a0 \u00a0 \u00a0 \u00a0 \u00a0 \u00a0 \u00a0 \u00a0 \u00a0 \u00a0 \u00a0 \u00a0 \u00a0 I\u010c DPH: 1047449414<\/strong><\/p>\t\t\t\t\t\t<\/div>\n\t\t\t\t<\/div>\n\t\t\t\t\t<\/div>\n\t\t<\/div>\n\t\t\t\t\t\t\t<\/div>\n\t\t<\/section>\n\t\t\t\t\t\t\t<\/div>\n\t\t","protected":false},"excerpt":{"rendered":"<p>Dreven\u00e9 pelety z borovicov\u00e9ho a smrekov\u00e9ho dreva o priemere 6-8 mm.\u00a0 Pelety odpovedaj\u00fa norme ENplus A1.\u00a0 V\u00fdhrevnos\u0165\u00a0 17-20 Mj\/kg Popolnatos\u0165\u00a0 0,8 % \u00a0Hustota 1,1-1,3 kg\/dm3 Balenie 15 kg s\u00e1\u010dky Mo\u017enos\u0165 objedna\u0165 aj ako velkokapcitn\u00e9 vaky\u00a0 \u00a0 \u00a0 \u00a0 \u00a0800 &#8211; 1200kg (Big beg) \u00a0 Dreven\u00e9 pelety Waldera zo smrekov\u00e9ho dreva o priemere&nbsp; 6-8 mm.&nbsp; Pelety [&hellip;]<\/p>\n","protected":false},"author":1,"featured_media":0,"parent":0,"menu_order":0,"comment_status":"closed","ping_status":"closed","template":"","meta":[],"_links":{"self":[{"href":"https:\/\/pettmar.com\/index.php?rest_route=\/wp\/v2\/pages\/110"}],"collection":[{"href":"https:\/\/pettmar.com\/index.php?rest_route=\/wp\/v2\/pages"}],"about":[{"href":"https:\/\/pettmar.com\/index.php?rest_route=\/wp\/v2\/types\/page"}],"author":[{"embeddable":true,"href":"https:\/\/pettmar.com\/index.php?rest_route=\/wp\/v2\/users\/1"}],"replies":[{"embeddable":true,"href":"https:\/\/pettmar.com\/index.php?rest_route=%2Fwp%2Fv2%2Fcomments&post=110"}],"version-history":[{"count":72,"href":"https:\/\/pettmar.com\/index.php?rest_route=\/wp\/v2\/pages\/110\/revisions"}],"predecessor-version":[{"id":293,"href":"https:\/\/pettmar.com\/index.php?rest_route=\/wp\/v2\/pages\/110\/revisions\/293"}],"wp:attachment":[{"href":"https:\/\/pettmar.com\/index.php?rest_route=%2Fwp%2Fv2%2Fmedia&parent=110"}],"curies":[{"name":"wp","href":"https:\/\/api.w.org\/{rel}","templated":true}]}}